{"id":3965,"date":"2022-01-20T19:46:08","date_gmt":"2022-01-20T19:46:08","guid":{"rendered":"http:\/\/sh-pro110.teste.website\/~ipsisp54\/?page_id=3965"},"modified":"2022-01-20T19:52:13","modified_gmt":"2022-01-20T19:52:13","slug":"prazos-e-formas-de-entrega","status":"publish","type":"page","link":"https:\/\/ipsispub.com.br\/morel\/prazos-e-formas-de-entrega\/","title":{"rendered":"Prazos e Formas de Entrega"},"content":{"rendered":"<div class=\"wpb-content-wrapper\"><p>[vc_row css=&#8221;.vc_custom_1642708271579{background-color: #032761 !important;}&#8221;][vc_column][vc_row_inner][vc_column_inner][vc_empty_space height=&#8221;90px&#8221;][vc_column_text]<\/p>\n<h5 class=\"font_0\" style=\"text-align: center;\"><span style=\"color: #ffcc00;\">LEIA ATENTAMENTE<\/span><\/h5>\n<h2 class=\"font_2\" style=\"text-align: center;\"><span style=\"color: #ffffff;\">Prazos, Formas de Entrega e Devolu\u00e7\u00f5es<\/span><\/h2>\n<p>[\/vc_column_text][vc_empty_space height=&#8221;90px&#8221;][\/vc_column_inner][\/vc_row_inner][\/vc_column][\/vc_row][vc_row][vc_column][vc_row_inner][vc_column_inner][vc_empty_space height=&#8221;52px&#8221;][vc_column_text]<\/p>\n<p class=\"font_8\"><strong>1.1.\u00a0<\/strong>O prazo \u00e9 informado durante o procedimento de compra, contabilizado em dias \u00fateis e contado a partir da conclus\u00e3o da compra e confirma\u00e7\u00e3o do pagamento.<\/p>\n<p class=\"font_8\"><strong>1.2.<\/strong>\u00a0As entregas dos Fotolivros s\u00e3o realizadas de segunda \u00e0 sexta-feira, das 8h \u00e0s 16h. Excepcionalmente, algumas podem ocorrer aos s\u00e1bados, domingos e feriados ou em hor\u00e1rio diferenciado ao informado.<\/p>\n<p class=\"font_8\"><strong>1.3.\u00a0<\/strong>No endere\u00e7o deve ter uma pessoa autorizada pelo Cliente, maior de 18 anos, e portando documento de identifica\u00e7\u00e3o para receber o pedido e assinar o protocolo de entrega.<\/p>\n<p class=\"font_8\"><strong>1.4.\u00a0<\/strong>Ser\u00e3o realizadas at\u00e9 3 (tr\u00eas) tentativas de entrega no local informado pelo cliente. Ap\u00f3s as tentativas o pedido retornar\u00e1 para a Ipsis Pub.<\/p>\n<p class=\"font_8\"><strong>1.5.<\/strong>\u00a0O valor do frete engloba um \u00fanico envio do pedido, sendo que, se por qualquer raz\u00e3o houver a necessidade de nova postagem, os demais valores ser\u00e3o pagos pelo Cliente.<\/p>\n<p class=\"font_8\"><strong>1.6.\u00a0<\/strong>A Ipsis Pub n\u00e3o realiza entrega em locais classificados como \u00e1reas de risco, nesse caso o Cliente dever\u00e1 indicar outro endere\u00e7o.<\/p>\n<p class=\"font_8\"><strong>1.7.<\/strong>\u00a0A Ipsis Pub n\u00e3o se responsabiliza pela reten\u00e7\u00e3o de produtos na SEFAZ, ou em qualquer outra autoridade fiscal nacional ou internacional, quando esta se der exclusivamente por pend\u00eancias do Cliente, sendo, portanto, necess\u00e1rio seu comparecimento no posto fiscal para que o produto seja liberado.<\/p>\n<p class=\"font_8\"><strong>1.8.\u00a0<\/strong>A Ipsis Pub aceita a devolu\u00e7\u00e3o do livros at\u00e9 30 dias a partir da data de recebimento do pedido,\u00a0 cujo prazo para devolu\u00e7\u00e3o \u00e9 de at\u00e9 7 dias ap\u00f3s a data de recebimento.<\/p>\n<p class=\"font_8\"><strong>1.9.\u00a0<\/strong>Para receber o reembolso total, os livros devolvidos devem estar em condi\u00e7\u00f5es de novo (sem quaisquer defeitos, riscos, sinais de tombo, arranh\u00f5es, entre outros, que n\u00e3o os deixem impr\u00f3prios para revenda, etc.).<\/p>\n<p class=\"font_8\"><strong>1.10.\u00a0<\/strong>Todos os livros vendidos em nossa loja s\u00e3o de produ\u00e7\u00e3o pr\u00f3pria e com autoriza\u00e7\u00e3o do autor.<\/p>\n<p>[\/vc_column_text][vc_empty_space height=&#8221;52px&#8221;][\/vc_column_inner][\/vc_row_inner][\/vc_column][\/vc_row]<\/p>\n<\/div>","protected":false},"excerpt":{"rendered":"<p>[vc_row css=&#8221;.vc_custom_1642708271579{background-color: #032761 !important;}&#8221;][vc_column][vc_row_inner][vc_column_inner][vc_empty_space height=&#8221;90px&#8221;][vc_column_text] LEIA ATENTAMENTE Prazos, Formas de Entrega e Devolu\u00e7\u00f5es [\/vc_column_text][vc_empty_space height=&#8221;90px&#8221;][\/vc_column_inner][\/vc_row_inner][\/vc_column][\/vc_row][vc_row][vc_column][vc_row_inner][vc_column_inner][vc_empty_space height=&#8221;52px&#8221;][vc_column_text] 1.1.\u00a0O prazo \u00e9 informado durante o procedimento de compra, contabilizado em dias \u00fateis e contado a partir da conclus\u00e3o da compra e confirma\u00e7\u00e3o do pagamento. 1.2.\u00a0As entregas dos Fotolivros s\u00e3o realizadas de segunda \u00e0 sexta-feira, das 8h \u00e0s 16h.&hellip;<\/p>\n","protected":false},"author":1,"featured_media":0,"parent":0,"menu_order":0,"comment_status":"closed","ping_status":"closed","template":"template-full-width.php","meta":{"footnotes":""},"class_list":["post-3965","page","type-page","status-publish","hentry"],"yoast_head":"<!-- This site is optimized with the Yoast SEO plugin v22.7 - https:\/\/yoast.com\/wordpress\/plugins\/seo\/ -->\n<title>Prazos e Formas de Entrega - Morel.<\/title>\n<meta name=\"robots\" content=\"index, follow, max-snippet:-1, max-image-preview:large, max-video-preview:-1\" \/>\n<link rel=\"canonical\" href=\"https:\/\/ipsispub.com.br\/morel\/prazos-e-formas-de-entrega\/\" \/>\n<meta property=\"og:locale\" content=\"pt_BR\" \/>\n<meta property=\"og:type\" content=\"article\" \/>\n<meta property=\"og:title\" content=\"Prazos e Formas de Entrega - Morel.\" \/>\n<meta property=\"og:description\" content=\"[vc_row css=&#8221;.vc_custom_1642708271579{background-color: #032761 !important;}&#8221;][vc_column][vc_row_inner][vc_column_inner][vc_empty_space height=&#8221;90px&#8221;][vc_column_text] LEIA ATENTAMENTE Prazos, Formas de Entrega e Devolu\u00e7\u00f5es [\/vc_column_text][vc_empty_space height=&#8221;90px&#8221;][\/vc_column_inner][\/vc_row_inner][\/vc_column][\/vc_row][vc_row][vc_column][vc_row_inner][vc_column_inner][vc_empty_space height=&#8221;52px&#8221;][vc_column_text] 1.1.\u00a0O prazo \u00e9 informado durante o procedimento de compra, contabilizado em dias \u00fateis e contado a partir da conclus\u00e3o da compra e confirma\u00e7\u00e3o do pagamento. 1.2.\u00a0As entregas dos Fotolivros s\u00e3o realizadas de segunda \u00e0 sexta-feira, das 8h \u00e0s 16h.&hellip;\" \/>\n<meta property=\"og:url\" content=\"https:\/\/ipsispub.com.br\/morel\/prazos-e-formas-de-entrega\/\" \/>\n<meta property=\"og:site_name\" content=\"Morel.\" \/>\n<meta property=\"article:publisher\" content=\"https:\/\/www.facebook.com\/ipsispub\" \/>\n<meta property=\"article:modified_time\" content=\"2022-01-20T19:52:13+00:00\" \/>\n<meta name=\"twitter:card\" content=\"summary_large_image\" \/>\n<meta name=\"twitter:label1\" content=\"Est. tempo de leitura\" \/>\n\t<meta name=\"twitter:data1\" content=\"2 minutos\" \/>\n<script type=\"application\/ld+json\" class=\"yoast-schema-graph\">{\"@context\":\"https:\/\/schema.org\",\"@graph\":[{\"@type\":\"WebPage\",\"@id\":\"https:\/\/ipsispub.com.br\/morel\/prazos-e-formas-de-entrega\/\",\"url\":\"https:\/\/ipsispub.com.br\/morel\/prazos-e-formas-de-entrega\/\",\"name\":\"Prazos e Formas de Entrega - Morel.\",\"isPartOf\":{\"@id\":\"https:\/\/ipsispub.com.br\/morel\/#website\"},\"datePublished\":\"2022-01-20T19:46:08+00:00\",\"dateModified\":\"2022-01-20T19:52:13+00:00\",\"breadcrumb\":{\"@id\":\"https:\/\/ipsispub.com.br\/morel\/prazos-e-formas-de-entrega\/#breadcrumb\"},\"inLanguage\":\"pt-BR\",\"potentialAction\":[{\"@type\":\"ReadAction\",\"target\":[\"https:\/\/ipsispub.com.br\/morel\/prazos-e-formas-de-entrega\/\"]}]},{\"@type\":\"BreadcrumbList\",\"@id\":\"https:\/\/ipsispub.com.br\/morel\/prazos-e-formas-de-entrega\/#breadcrumb\",\"itemListElement\":[{\"@type\":\"ListItem\",\"position\":1,\"name\":\"In\u00edcio\",\"item\":\"https:\/\/ipsispub.com.br\/morel\/\"},{\"@type\":\"ListItem\",\"position\":2,\"name\":\"Prazos e Formas de Entrega\"}]},{\"@type\":\"WebSite\",\"@id\":\"https:\/\/ipsispub.com.br\/morel\/#website\",\"url\":\"https:\/\/ipsispub.com.br\/morel\/\",\"name\":\"Morel.\",\"description\":\"Pessoas e Universos Atemporais\",\"publisher\":{\"@id\":\"https:\/\/ipsispub.com.br\/morel\/#organization\"},\"potentialAction\":[{\"@type\":\"SearchAction\",\"target\":{\"@type\":\"EntryPoint\",\"urlTemplate\":\"https:\/\/ipsispub.com.br\/morel\/?s={search_term_string}\"},\"query-input\":\"required name=search_term_string\"}],\"inLanguage\":\"pt-BR\"},{\"@type\":\"Organization\",\"@id\":\"https:\/\/ipsispub.com.br\/morel\/#organization\",\"name\":\"IpsisPUB\",\"url\":\"https:\/\/ipsispub.com.br\/morel\/\",\"logo\":{\"@type\":\"ImageObject\",\"inLanguage\":\"pt-BR\",\"@id\":\"https:\/\/ipsispub.com.br\/morel\/#\/schema\/logo\/image\/\",\"url\":\"https:\/\/i0.wp.com\/ipsispub.com.br\/wp-content\/uploads\/2021\/12\/logoIpsisPub_02.png?fit=100%2C75&ssl=1\",\"contentUrl\":\"https:\/\/i0.wp.com\/ipsispub.com.br\/wp-content\/uploads\/2021\/12\/logoIpsisPub_02.png?fit=100%2C75&ssl=1\",\"width\":100,\"height\":75,\"caption\":\"IpsisPUB\"},\"image\":{\"@id\":\"https:\/\/ipsispub.com.br\/morel\/#\/schema\/logo\/image\/\"},\"sameAs\":[\"https:\/\/www.facebook.com\/ipsispub\",\"https:\/\/www.instagram.com\/ipsispub\"]}]}<\/script>\n<!-- \/ Yoast SEO plugin. -->","yoast_head_json":{"title":"Prazos e Formas de Entrega - Morel.","robots":{"index":"index","follow":"follow","max-snippet":"max-snippet:-1","max-image-preview":"max-image-preview:large","max-video-preview":"max-video-preview:-1"},"canonical":"https:\/\/ipsispub.com.br\/morel\/prazos-e-formas-de-entrega\/","og_locale":"pt_BR","og_type":"article","og_title":"Prazos e Formas de Entrega - Morel.","og_description":"[vc_row css=&#8221;.vc_custom_1642708271579{background-color: #032761 !important;}&#8221;][vc_column][vc_row_inner][vc_column_inner][vc_empty_space height=&#8221;90px&#8221;][vc_column_text] LEIA ATENTAMENTE Prazos, Formas de Entrega e Devolu\u00e7\u00f5es [\/vc_column_text][vc_empty_space height=&#8221;90px&#8221;][\/vc_column_inner][\/vc_row_inner][\/vc_column][\/vc_row][vc_row][vc_column][vc_row_inner][vc_column_inner][vc_empty_space height=&#8221;52px&#8221;][vc_column_text] 1.1.\u00a0O prazo \u00e9 informado durante o procedimento de compra, contabilizado em dias \u00fateis e contado a partir da conclus\u00e3o da compra e confirma\u00e7\u00e3o do pagamento. 1.2.\u00a0As entregas dos Fotolivros s\u00e3o realizadas de segunda \u00e0 sexta-feira, das 8h \u00e0s 16h.&hellip;","og_url":"https:\/\/ipsispub.com.br\/morel\/prazos-e-formas-de-entrega\/","og_site_name":"Morel.","article_publisher":"https:\/\/www.facebook.com\/ipsispub","article_modified_time":"2022-01-20T19:52:13+00:00","twitter_card":"summary_large_image","twitter_misc":{"Est. tempo de leitura":"2 minutos"},"schema":{"@context":"https:\/\/schema.org","@graph":[{"@type":"WebPage","@id":"https:\/\/ipsispub.com.br\/morel\/prazos-e-formas-de-entrega\/","url":"https:\/\/ipsispub.com.br\/morel\/prazos-e-formas-de-entrega\/","name":"Prazos e Formas de Entrega - Morel.","isPartOf":{"@id":"https:\/\/ipsispub.com.br\/morel\/#website"},"datePublished":"2022-01-20T19:46:08+00:00","dateModified":"2022-01-20T19:52:13+00:00","breadcrumb":{"@id":"https:\/\/ipsispub.com.br\/morel\/prazos-e-formas-de-entrega\/#breadcrumb"},"inLanguage":"pt-BR","potentialAction":[{"@type":"ReadAction","target":["https:\/\/ipsispub.com.br\/morel\/prazos-e-formas-de-entrega\/"]}]},{"@type":"BreadcrumbList","@id":"https:\/\/ipsispub.com.br\/morel\/prazos-e-formas-de-entrega\/#breadcrumb","itemListElement":[{"@type":"ListItem","position":1,"name":"In\u00edcio","item":"https:\/\/ipsispub.com.br\/morel\/"},{"@type":"ListItem","position":2,"name":"Prazos e Formas de Entrega"}]},{"@type":"WebSite","@id":"https:\/\/ipsispub.com.br\/morel\/#website","url":"https:\/\/ipsispub.com.br\/morel\/","name":"Morel.","description":"Pessoas e Universos Atemporais","publisher":{"@id":"https:\/\/ipsispub.com.br\/morel\/#organization"},"potentialAction":[{"@type":"SearchAction","target":{"@type":"EntryPoint","urlTemplate":"https:\/\/ipsispub.com.br\/morel\/?s={search_term_string}"},"query-input":"required name=search_term_string"}],"inLanguage":"pt-BR"},{"@type":"Organization","@id":"https:\/\/ipsispub.com.br\/morel\/#organization","name":"IpsisPUB","url":"https:\/\/ipsispub.com.br\/morel\/","logo":{"@type":"ImageObject","inLanguage":"pt-BR","@id":"https:\/\/ipsispub.com.br\/morel\/#\/schema\/logo\/image\/","url":"https:\/\/i0.wp.com\/ipsispub.com.br\/wp-content\/uploads\/2021\/12\/logoIpsisPub_02.png?fit=100%2C75&ssl=1","contentUrl":"https:\/\/i0.wp.com\/ipsispub.com.br\/wp-content\/uploads\/2021\/12\/logoIpsisPub_02.png?fit=100%2C75&ssl=1","width":100,"height":75,"caption":"IpsisPUB"},"image":{"@id":"https:\/\/ipsispub.com.br\/morel\/#\/schema\/logo\/image\/"},"sameAs":["https:\/\/www.facebook.com\/ipsispub","https:\/\/www.instagram.com\/ipsispub"]}]}},"_links":{"self":[{"href":"https:\/\/ipsispub.com.br\/morel\/wp-json\/wp\/v2\/pages\/3965","targetHints":{"allow":["GET"]}}],"collection":[{"href":"https:\/\/ipsispub.com.br\/morel\/wp-json\/wp\/v2\/pages"}],"about":[{"href":"https:\/\/ipsispub.com.br\/morel\/wp-json\/wp\/v2\/types\/page"}],"author":[{"embeddable":true,"href":"https:\/\/ipsispub.com.br\/morel\/wp-json\/wp\/v2\/users\/1"}],"replies":[{"embeddable":true,"href":"https:\/\/ipsispub.com.br\/morel\/wp-json\/wp\/v2\/comments?post=3965"}],"version-history":[{"count":5,"href":"https:\/\/ipsispub.com.br\/morel\/wp-json\/wp\/v2\/pages\/3965\/revisions"}],"predecessor-version":[{"id":3970,"href":"https:\/\/ipsispub.com.br\/morel\/wp-json\/wp\/v2\/pages\/3965\/revisions\/3970"}],"wp:attachment":[{"href":"https:\/\/ipsispub.com.br\/morel\/wp-json\/wp\/v2\/media?parent=3965"}],"curies":[{"name":"wp","href":"https:\/\/api.w.org\/{rel}","templated":true}]}}