{"id":3971,"date":"2022-01-20T19:54:55","date_gmt":"2022-01-20T19:54:55","guid":{"rendered":"http:\/\/sh-pro110.teste.website\/~ipsisp54\/?page_id=3971"},"modified":"2022-01-20T19:55:34","modified_gmt":"2022-01-20T19:55:34","slug":"politica-de-privacidade","status":"publish","type":"page","link":"https:\/\/ipsispub.com.br\/morel\/politica-de-privacidade\/","title":{"rendered":"Pol\u00edtica de Privacidade"},"content":{"rendered":"<div class=\"wpb-content-wrapper\"><p>[vc_row css=&#8221;.vc_custom_1642708271579{background-color: #032761 !important;}&#8221;][vc_column][vc_row_inner][vc_column_inner][vc_empty_space height=&#8221;90px&#8221;][vc_column_text]<\/p>\n<h5 class=\"font_0\" style=\"text-align: center;\"><span style=\"color: #ffcc00;\">LEIA ATENTAMENTE<\/span><\/h5>\n<h2 class=\"font_2\" style=\"text-align: center;\"><span style=\"color: #ffffff;\">Pol\u00edtica de Privacidade<\/span><\/h2>\n<p>[\/vc_column_text][vc_empty_space height=&#8221;90px&#8221;][\/vc_column_inner][\/vc_row_inner][\/vc_column][\/vc_row][vc_row][vc_column][vc_row_inner][vc_column_inner][vc_empty_space height=&#8221;52px&#8221;][vc_column_text]<\/p>\n<div id=\"comp-jdwq6fbn\" class=\"_1Q9if\" data-testid=\"richTextElement\">\n<p class=\"font_8\">A Ipsis Pub\u00a0estabeleceu esta pol\u00edtica como parte de um conjunto de a\u00e7\u00f5es que t\u00eam por objetivo respeitar sua privacidade e reservar o direito ao sigilo de identidade de cada Usu\u00e1rio. A presente Pol\u00edtica de Privacidade e Seguran\u00e7a de Dados (\u201cPol\u00edtica de Privacidade\u201d) cont\u00e9m diretrizes e informa\u00e7\u00f5es sobre como a Ipsis Pub\u00a0trata e protege as informa\u00e7\u00f5es obtidas por meio de seu Website e ser\u00e1 regida pelas condi\u00e7\u00f5es que seguem.<\/p>\n<\/div>\n<div id=\"comp-kgbcwiop\" class=\"_1Q9if\" data-testid=\"richTextElement\">\n<p class=\"font_8\"><strong><span style=\"color: #ff9900;\">Defini\u00e7\u00f5es<\/span><\/strong><\/p>\n<p class=\"font_8\">Para os fins desta Pol\u00edtica de Privacidade, aplicam-se as seguintes defini\u00e7\u00f5es:<\/p>\n<p class=\"font_8\">1.1\u00a0Cookie: \u00e9 um arquivo-texto enviado pelo servidor do site para o computador do Usu\u00e1rio, com a finalidade de identificar o computador, personalizar os acessos do Usu\u00e1rio e obter dados de acesso, como p\u00e1ginas navegadas ou links clicados. Um cookie \u00e9 atribu\u00eddo individualmente a cada computador, ele n\u00e3o pode ser usado para executar programas nem infectar computadores com v\u00edrus e pode ser lido apenas pelo servidor que o enviou. O Usu\u00e1rio pode desabilitar o salvamento de cookies em seu browser, delet\u00e1-los e gerenciar sua utiliza\u00e7\u00e3o por meio da configura\u00e7\u00e3o do navegador que utiliza para acessar nossos sites.<\/p>\n<p class=\"font_8\">1.2\u00a0Remarketing: \u00c9 um recurso com o qual um anunciante (no caso a IpsisPub) pode alcan\u00e7ar as pessoas que visitaram seu site anteriormente e exibir an\u00fancios relevantes em toda a web ou quando um site de pesquisa na internet for utilizado.<\/p>\n<p class=\"font_8\">1.3\u00a0Identifica\u00e7\u00e3o individual: Toda informa\u00e7\u00e3o que n\u00e3o est\u00e1 dispon\u00edvel para o p\u00fablico em geral, e que, se divulgada, possa vir a causar algum tipo de constrangimento moral, danos ou preju\u00edzos \u00e0 pr\u00f3pria pessoa. S\u00e3o exemplos de dados de identifica\u00e7\u00e3o individual os n\u00fameros de RG, CPF, dados para contato e dados sobre cobran\u00e7a.<\/p>\n<p class=\"font_8\">1.4\u00a0Site e\/ou Website: S\u00e3o os dom\u00ednios\/endere\u00e7os de internet de propriedade da Ipsis Pub.<\/p>\n<p class=\"font_8\">1.5 Usu\u00e1rio: Todas as pessoas que de alguma forma acessam o site, clientes ou n\u00e3o.<\/p>\n<p class=\"font_8\"><span class=\"wixGuard\">\u200b<\/span><\/p>\n<p class=\"font_8\"><strong><span style=\"color: #ff9900;\">Obriga\u00e7\u00f5es da Ipsis Pub<\/span><\/strong><\/p>\n<p class=\"font_8\">A Ipsis Pub se compromete a:<\/p>\n<p class=\"font_8\">2.1.\u00a0Coletar em seu site apenas as informa\u00e7\u00f5es sobre identifica\u00e7\u00e3o individual necess\u00e1rias \u00e0 viabiliza\u00e7\u00e3o de seus neg\u00f3cios e ao fornecimento de produtos e\/ou Servi\u00e7os solicitados pelos Usu\u00e1rios.<\/p>\n<p class=\"font_8\">2.2.\u00a0A utiliza\u00e7\u00e3o de cookies se d\u00e1 para proporcionar uma melhor experi\u00eancia em nossos sites e viabilizar recursos personalizados como publicidades e informa\u00e7\u00f5es adicionais de itens do interesse do Usu\u00e1rio.<\/p>\n<p class=\"font_8\">2.3.\u00a0Cumprir rigorosamente todas as determina\u00e7\u00f5es desta Pol\u00edtica de Privacidade.<\/p>\n<p class=\"font_8\">2.4.\u00a0A Ipsis Pub n\u00e3o ser\u00e1 respons\u00e1vel por quaisquer perdas de dados do Usu\u00e1rio, inclusive decorrentes de caso fortuito, for\u00e7a maior, ocorridas em virtude de invas\u00f5es ao site e quebra de seguran\u00e7a por parte de terceiros n\u00e3o autorizados.<\/p>\n<p class=\"font_8\"><span class=\"wixGuard\">\u200b<\/span><\/p>\n<p class=\"font_8\"><strong><span style=\"color: #ff9900;\">Utiliza\u00e7\u00e3o das Informa\u00e7\u00f5es<\/span><\/strong><\/p>\n<p class=\"font_8\">3.1.\u00a0Dentre outras, as informa\u00e7\u00f5es obtidas por meio do Site ser\u00e3o utilizadas pela com a finalidade de:<\/p>\n<ul class=\"font_8\">\n<li>\n<p class=\"font_8\">a) Viabilizar o fornecimento de produtos ou Servi\u00e7os solicitados nos Sites;<\/p>\n<\/li>\n<li>\n<p class=\"font_8\">b) Identificar o perfil, desejos ou necessidades dos Usu\u00e1rios, a fim de aprimorar os produtos e\/ou Servi\u00e7os oferecidos;<\/p>\n<\/li>\n<li>\n<p class=\"font_8\">c) Enviar informativos sobre produtos ou Servi\u00e7os que interessem aos seus Usu\u00e1rios;<\/p>\n<\/li>\n<li>\n<p class=\"font_8\">d) Divulgar altera\u00e7\u00f5es, inova\u00e7\u00f5es ou promo\u00e7\u00f5es sobre os produtos e Servi\u00e7os da empresa IPSIS PUB e de seus parceiros.<\/p>\n<\/li>\n<\/ul>\n<p class=\"font_8\">3.2.\u00a0Utilizamos em todos os nossos sites recursos de campanhas de publicidades baseadas em interesses, listas de remarketing, informa\u00e7\u00f5es demogr\u00e1ficas e de local de destino. Nossas campanhas de publicidade n\u00e3o associam identifica\u00e7\u00f5es individuais \u00e0s listas de remarketing, cookies, dados de feeds ou outros identificadores an\u00f4nimos. Da mesma forma, os recursos aplicados em campanhas n\u00e3o s\u00e3o associados a informa\u00e7\u00f5es coletadas nas p\u00e1ginas de nossos sites e an\u00fancios.<\/p>\n<p class=\"font_8\">3.3.\u00a0As informa\u00e7\u00f5es de identifica\u00e7\u00e3o individual n\u00e3o s\u00e3o compartilhadas com nenhum site ou parceiro por meio da tag de remarketing ou qualquer feed de dados que possam estar associados aos nossos an\u00fancios.<\/p>\n<p class=\"font_8\"><span class=\"wixGuard\">\u200b<\/span><\/p>\n<p class=\"font_8\"><strong><span style=\"color: #ff9900;\">Divulga\u00e7\u00e3o de Dados<\/span><\/strong><\/p>\n<p class=\"font_8\">4.1.\u00a0A Ipsis Pub n\u00e3o fornece a terceiros dados sobre a identifica\u00e7\u00e3o individual de usu\u00e1rios, sem seu pr\u00e9vio consentimento, exceto nos casos em que:<\/p>\n<ul class=\"font_8\">\n<li>\n<p class=\"font_8\">Haja determina\u00e7\u00e3o judicial para fornecimento de dados;<\/p>\n<\/li>\n<\/ul>\n<ul class=\"font_8\">\n<li>\n<p class=\"font_8\">A viabiliza\u00e7\u00e3o dos neg\u00f3cios e\/ou servi\u00e7os oferecidos pela Ipsis Pub dependa do repasse de dados a parceiros;<\/p>\n<\/li>\n<\/ul>\n<ul class=\"font_8\">\n<li>\n<p class=\"font_8\">Exista a necessidade de identificar ou revelar dados do usu\u00e1rio que esteja utilizando os seus sites com prop\u00f3sitos il\u00edcitos (intencionalmente ou n\u00e3o);<\/p>\n<\/li>\n<\/ul>\n<p class=\"font_8\">4.1.1.\u00a0Al\u00e9m dos casos acima citados, havendo a necessidade ou interesse em repassar a terceiros dados de identifica\u00e7\u00e3o individual dos Usu\u00e1rios, a Ipsis Pub solicitar\u00e1 autoriza\u00e7\u00e3o pr\u00e9via;<\/p>\n<p class=\"font_8\">4.2.\u00a0O Usu\u00e1rio \u00e9 integralmente respons\u00e1vel por:<\/p>\n<ul class=\"font_8\">\n<li>\n<p class=\"font_8\">Zelar pelos dados de sua identifica\u00e7\u00e3o digital individual sempre que acessar a Internet, informando-os apenas em opera\u00e7\u00f5es em que exista a prote\u00e7\u00e3o de dados;<\/p>\n<\/li>\n<\/ul>\n<ul class=\"font_8\">\n<li>\n<p class=\"font_8\">Fornecer informa\u00e7\u00f5es ver\u00eddicas;<\/p>\n<\/li>\n<\/ul>\n<ul class=\"font_8\">\n<li>\n<p class=\"font_8\">Cumprir rigorosamente todas as determina\u00e7\u00f5es e procedimentos previstos nesta Pol\u00edtica de Privacidade.<\/p>\n<\/li>\n<\/ul>\n<p class=\"font_8\"><span class=\"wixGuard\">\u200b<\/span><\/p>\n<p class=\"font_8\"><strong><span style=\"color: #ff9900;\">Altera\u00e7\u00e3o na Pol\u00edtica de Privacidade<\/span><\/strong><\/p>\n<p class=\"font_8\">5.1.\u00a0A Ipsis Pub poder\u00e1 alterar esta Pol\u00edtica de Privacidade a qualquer momento, sendo que toda altera\u00e7\u00e3o na presente Pol\u00edtica de Privacidade ser\u00e1 veiculada neste espa\u00e7o..<\/p>\n<p class=\"font_8\"><span class=\"wixGuard\">\u200b<\/span><\/p>\n<p class=\"font_8\"><span style=\"color: #ff9900;\"><strong>D\u00favidas e Sugest\u00f5es<\/strong><\/span><\/p>\n<p class=\"font_8\">6.1.\u00a0Caso haja qualquer d\u00favida ou sugest\u00e3o sobre esta Pol\u00edtica de Privacidade, escreva para:\u00a0<a href=\"mailto:atendimento@ipsispub.com.br\" data-auto-recognition=\"true\">atendimento@ipsispub.com.br<\/a><\/p>\n<p class=\"font_8\"><span class=\"wixGuard\">\u200b<\/span><\/p>\n<p class=\"font_8\"><strong><span style=\"color: #ff9900;\">Remo\u00e7\u00e3o de contato<\/span><\/strong><\/p>\n<p class=\"font_8\">7.1. A Ipsis Pub se compromete a respeitar a sua privacidade e \u00e9 contra o spam. Por essa raz\u00e3o, compromete-se a: (i) n\u00e3o enviar e-mails promocionais sem seu expresso consentimento; (ii) cancelar imediatamente o envio de e-mails promocionais sempre que solicitado; (iii) utilizar cookies (informa\u00e7\u00f5es enviadas pelo site ao seu computador para identific\u00e1-lo) apenas para que o site possa reconhec\u00ea-lo quando realizar uma nova visita. A aceita\u00e7\u00e3o do cookie n\u00e3o \u00e9 necess\u00e1ria para visitar o site. O seu browser pode ser configurado para avis\u00e1-lo sempre que um cookie for oferecido ou para recusar todos os cookies. Parte superior do formul\u00e1rio.<\/p>\n<p>&nbsp;<\/p>\n<\/div>\n<p>[\/vc_column_text][vc_empty_space height=&#8221;52px&#8221;][\/vc_column_inner][\/vc_row_inner][\/vc_column][\/vc_row]<\/p>\n<\/div>","protected":false},"excerpt":{"rendered":"<p>[vc_row css=&#8221;.vc_custom_1642708271579{background-color: #032761 !important;}&#8221;][vc_column][vc_row_inner][vc_column_inner][vc_empty_space height=&#8221;90px&#8221;][vc_column_text] LEIA ATENTAMENTE Pol\u00edtica de Privacidade [\/vc_column_text][vc_empty_space height=&#8221;90px&#8221;][\/vc_column_inner][\/vc_row_inner][\/vc_column][\/vc_row][vc_row][vc_column][vc_row_inner][vc_column_inner][vc_empty_space height=&#8221;52px&#8221;][vc_column_text] A Ipsis Pub\u00a0estabeleceu esta pol\u00edtica como parte de um conjunto de a\u00e7\u00f5es que t\u00eam por objetivo respeitar sua privacidade e reservar o direito ao sigilo de identidade de cada Usu\u00e1rio. A presente Pol\u00edtica de Privacidade e Seguran\u00e7a de Dados (\u201cPol\u00edtica de Privacidade\u201d)&hellip;<\/p>\n","protected":false},"author":1,"featured_media":0,"parent":0,"menu_order":0,"comment_status":"closed","ping_status":"closed","template":"template-full-width.php","meta":{"footnotes":""},"class_list":["post-3971","page","type-page","status-publish","hentry"],"yoast_head":"<!-- This site is optimized with the Yoast SEO plugin v22.7 - https:\/\/yoast.com\/wordpress\/plugins\/seo\/ -->\n<title>Pol\u00edtica de Privacidade - Morel.<\/title>\n<meta name=\"robots\" content=\"index, follow, max-snippet:-1, max-image-preview:large, max-video-preview:-1\" \/>\n<link rel=\"canonical\" href=\"https:\/\/ipsispub.com.br\/morel\/politica-de-privacidade\/\" \/>\n<meta property=\"og:locale\" content=\"pt_BR\" \/>\n<meta property=\"og:type\" content=\"article\" \/>\n<meta property=\"og:title\" content=\"Pol\u00edtica de Privacidade - Morel.\" \/>\n<meta property=\"og:description\" content=\"[vc_row css=&#8221;.vc_custom_1642708271579{background-color: #032761 !important;}&#8221;][vc_column][vc_row_inner][vc_column_inner][vc_empty_space height=&#8221;90px&#8221;][vc_column_text] LEIA ATENTAMENTE Pol\u00edtica de Privacidade [\/vc_column_text][vc_empty_space height=&#8221;90px&#8221;][\/vc_column_inner][\/vc_row_inner][\/vc_column][\/vc_row][vc_row][vc_column][vc_row_inner][vc_column_inner][vc_empty_space height=&#8221;52px&#8221;][vc_column_text] A Ipsis Pub\u00a0estabeleceu esta pol\u00edtica como parte de um conjunto de a\u00e7\u00f5es que t\u00eam por objetivo respeitar sua privacidade e reservar o direito ao sigilo de identidade de cada Usu\u00e1rio. A presente Pol\u00edtica de Privacidade e Seguran\u00e7a de Dados (\u201cPol\u00edtica de Privacidade\u201d)&hellip;\" \/>\n<meta property=\"og:url\" content=\"https:\/\/ipsispub.com.br\/morel\/politica-de-privacidade\/\" \/>\n<meta property=\"og:site_name\" content=\"Morel.\" \/>\n<meta property=\"article:publisher\" content=\"https:\/\/www.facebook.com\/ipsispub\" \/>\n<meta property=\"article:modified_time\" content=\"2022-01-20T19:55:34+00:00\" \/>\n<meta name=\"twitter:card\" content=\"summary_large_image\" \/>\n<meta name=\"twitter:label1\" content=\"Est. tempo de leitura\" \/>\n\t<meta name=\"twitter:data1\" content=\"6 minutos\" \/>\n<script type=\"application\/ld+json\" class=\"yoast-schema-graph\">{\"@context\":\"https:\/\/schema.org\",\"@graph\":[{\"@type\":\"WebPage\",\"@id\":\"https:\/\/ipsispub.com.br\/morel\/politica-de-privacidade\/\",\"url\":\"https:\/\/ipsispub.com.br\/morel\/politica-de-privacidade\/\",\"name\":\"Pol\u00edtica de Privacidade - Morel.\",\"isPartOf\":{\"@id\":\"https:\/\/ipsispub.com.br\/morel\/#website\"},\"datePublished\":\"2022-01-20T19:54:55+00:00\",\"dateModified\":\"2022-01-20T19:55:34+00:00\",\"breadcrumb\":{\"@id\":\"https:\/\/ipsispub.com.br\/morel\/politica-de-privacidade\/#breadcrumb\"},\"inLanguage\":\"pt-BR\",\"potentialAction\":[{\"@type\":\"ReadAction\",\"target\":[\"https:\/\/ipsispub.com.br\/morel\/politica-de-privacidade\/\"]}]},{\"@type\":\"BreadcrumbList\",\"@id\":\"https:\/\/ipsispub.com.br\/morel\/politica-de-privacidade\/#breadcrumb\",\"itemListElement\":[{\"@type\":\"ListItem\",\"position\":1,\"name\":\"In\u00edcio\",\"item\":\"https:\/\/ipsispub.com.br\/morel\/\"},{\"@type\":\"ListItem\",\"position\":2,\"name\":\"Pol\u00edtica de Privacidade\"}]},{\"@type\":\"WebSite\",\"@id\":\"https:\/\/ipsispub.com.br\/morel\/#website\",\"url\":\"https:\/\/ipsispub.com.br\/morel\/\",\"name\":\"Morel.\",\"description\":\"Pessoas e Universos Atemporais\",\"publisher\":{\"@id\":\"https:\/\/ipsispub.com.br\/morel\/#organization\"},\"potentialAction\":[{\"@type\":\"SearchAction\",\"target\":{\"@type\":\"EntryPoint\",\"urlTemplate\":\"https:\/\/ipsispub.com.br\/morel\/?s={search_term_string}\"},\"query-input\":\"required name=search_term_string\"}],\"inLanguage\":\"pt-BR\"},{\"@type\":\"Organization\",\"@id\":\"https:\/\/ipsispub.com.br\/morel\/#organization\",\"name\":\"IpsisPUB\",\"url\":\"https:\/\/ipsispub.com.br\/morel\/\",\"logo\":{\"@type\":\"ImageObject\",\"inLanguage\":\"pt-BR\",\"@id\":\"https:\/\/ipsispub.com.br\/morel\/#\/schema\/logo\/image\/\",\"url\":\"https:\/\/i0.wp.com\/ipsispub.com.br\/wp-content\/uploads\/2021\/12\/logoIpsisPub_02.png?fit=100%2C75&ssl=1\",\"contentUrl\":\"https:\/\/i0.wp.com\/ipsispub.com.br\/wp-content\/uploads\/2021\/12\/logoIpsisPub_02.png?fit=100%2C75&ssl=1\",\"width\":100,\"height\":75,\"caption\":\"IpsisPUB\"},\"image\":{\"@id\":\"https:\/\/ipsispub.com.br\/morel\/#\/schema\/logo\/image\/\"},\"sameAs\":[\"https:\/\/www.facebook.com\/ipsispub\",\"https:\/\/www.instagram.com\/ipsispub\"]}]}<\/script>\n<!-- \/ Yoast SEO plugin. -->","yoast_head_json":{"title":"Pol\u00edtica de Privacidade - Morel.","robots":{"index":"index","follow":"follow","max-snippet":"max-snippet:-1","max-image-preview":"max-image-preview:large","max-video-preview":"max-video-preview:-1"},"canonical":"https:\/\/ipsispub.com.br\/morel\/politica-de-privacidade\/","og_locale":"pt_BR","og_type":"article","og_title":"Pol\u00edtica de Privacidade - Morel.","og_description":"[vc_row css=&#8221;.vc_custom_1642708271579{background-color: #032761 !important;}&#8221;][vc_column][vc_row_inner][vc_column_inner][vc_empty_space height=&#8221;90px&#8221;][vc_column_text] LEIA ATENTAMENTE Pol\u00edtica de Privacidade [\/vc_column_text][vc_empty_space height=&#8221;90px&#8221;][\/vc_column_inner][\/vc_row_inner][\/vc_column][\/vc_row][vc_row][vc_column][vc_row_inner][vc_column_inner][vc_empty_space height=&#8221;52px&#8221;][vc_column_text] A Ipsis Pub\u00a0estabeleceu esta pol\u00edtica como parte de um conjunto de a\u00e7\u00f5es que t\u00eam por objetivo respeitar sua privacidade e reservar o direito ao sigilo de identidade de cada Usu\u00e1rio. A presente Pol\u00edtica de Privacidade e Seguran\u00e7a de Dados (\u201cPol\u00edtica de Privacidade\u201d)&hellip;","og_url":"https:\/\/ipsispub.com.br\/morel\/politica-de-privacidade\/","og_site_name":"Morel.","article_publisher":"https:\/\/www.facebook.com\/ipsispub","article_modified_time":"2022-01-20T19:55:34+00:00","twitter_card":"summary_large_image","twitter_misc":{"Est. tempo de leitura":"6 minutos"},"schema":{"@context":"https:\/\/schema.org","@graph":[{"@type":"WebPage","@id":"https:\/\/ipsispub.com.br\/morel\/politica-de-privacidade\/","url":"https:\/\/ipsispub.com.br\/morel\/politica-de-privacidade\/","name":"Pol\u00edtica de Privacidade - Morel.","isPartOf":{"@id":"https:\/\/ipsispub.com.br\/morel\/#website"},"datePublished":"2022-01-20T19:54:55+00:00","dateModified":"2022-01-20T19:55:34+00:00","breadcrumb":{"@id":"https:\/\/ipsispub.com.br\/morel\/politica-de-privacidade\/#breadcrumb"},"inLanguage":"pt-BR","potentialAction":[{"@type":"ReadAction","target":["https:\/\/ipsispub.com.br\/morel\/politica-de-privacidade\/"]}]},{"@type":"BreadcrumbList","@id":"https:\/\/ipsispub.com.br\/morel\/politica-de-privacidade\/#breadcrumb","itemListElement":[{"@type":"ListItem","position":1,"name":"In\u00edcio","item":"https:\/\/ipsispub.com.br\/morel\/"},{"@type":"ListItem","position":2,"name":"Pol\u00edtica de Privacidade"}]},{"@type":"WebSite","@id":"https:\/\/ipsispub.com.br\/morel\/#website","url":"https:\/\/ipsispub.com.br\/morel\/","name":"Morel.","description":"Pessoas e Universos Atemporais","publisher":{"@id":"https:\/\/ipsispub.com.br\/morel\/#organization"},"potentialAction":[{"@type":"SearchAction","target":{"@type":"EntryPoint","urlTemplate":"https:\/\/ipsispub.com.br\/morel\/?s={search_term_string}"},"query-input":"required name=search_term_string"}],"inLanguage":"pt-BR"},{"@type":"Organization","@id":"https:\/\/ipsispub.com.br\/morel\/#organization","name":"IpsisPUB","url":"https:\/\/ipsispub.com.br\/morel\/","logo":{"@type":"ImageObject","inLanguage":"pt-BR","@id":"https:\/\/ipsispub.com.br\/morel\/#\/schema\/logo\/image\/","url":"https:\/\/i0.wp.com\/ipsispub.com.br\/wp-content\/uploads\/2021\/12\/logoIpsisPub_02.png?fit=100%2C75&ssl=1","contentUrl":"https:\/\/i0.wp.com\/ipsispub.com.br\/wp-content\/uploads\/2021\/12\/logoIpsisPub_02.png?fit=100%2C75&ssl=1","width":100,"height":75,"caption":"IpsisPUB"},"image":{"@id":"https:\/\/ipsispub.com.br\/morel\/#\/schema\/logo\/image\/"},"sameAs":["https:\/\/www.facebook.com\/ipsispub","https:\/\/www.instagram.com\/ipsispub"]}]}},"_links":{"self":[{"href":"https:\/\/ipsispub.com.br\/morel\/wp-json\/wp\/v2\/pages\/3971","targetHints":{"allow":["GET"]}}],"collection":[{"href":"https:\/\/ipsispub.com.br\/morel\/wp-json\/wp\/v2\/pages"}],"about":[{"href":"https:\/\/ipsispub.com.br\/morel\/wp-json\/wp\/v2\/types\/page"}],"author":[{"embeddable":true,"href":"https:\/\/ipsispub.com.br\/morel\/wp-json\/wp\/v2\/users\/1"}],"replies":[{"embeddable":true,"href":"https:\/\/ipsispub.com.br\/morel\/wp-json\/wp\/v2\/comments?post=3971"}],"version-history":[{"count":1,"href":"https:\/\/ipsispub.com.br\/morel\/wp-json\/wp\/v2\/pages\/3971\/revisions"}],"predecessor-version":[{"id":3972,"href":"https:\/\/ipsispub.com.br\/morel\/wp-json\/wp\/v2\/pages\/3971\/revisions\/3972"}],"wp:attachment":[{"href":"https:\/\/ipsispub.com.br\/morel\/wp-json\/wp\/v2\/media?parent=3971"}],"curies":[{"name":"wp","href":"https:\/\/api.w.org\/{rel}","templated":true}]}}