{"id":4088,"date":"2022-01-28T15:25:06","date_gmt":"2022-01-28T18:25:06","guid":{"rendered":"https:\/\/ipsispub.com.br\/morel\/?page_id=4088"},"modified":"2026-03-25T15:41:00","modified_gmt":"2026-03-25T18:41:00","slug":"a-revista","status":"publish","type":"page","link":"https:\/\/ipsispub.com.br\/morel\/","title":{"rendered":"Pessoas e Universos Atemporais"},"content":{"rendered":"<div class=\"wpb-content-wrapper\"><p>[vc_row][vc_column][vc_row_inner][vc_column_inner]\n\t\t\t<!-- START Slider 2 REVOLUTION SLIDER 6.5.9 --><p class=\"rs-p-wp-fix\"><\/p>\n\t\t\t<rs-module-wrap id=\"rev_slider_9_1_wrapper\" data-source=\"gallery\" style=\"visibility:hidden;background:transparent;padding:0;margin:0px auto;margin-top:0;margin-bottom:0;\">\n\t\t\t\t<rs-module id=\"rev_slider_9_1\" style=\"\" data-version=\"6.5.9\">\n\t\t\t\t\t<rs-slides>\n\t\t\t\t\t\t<rs-slide style=\"position: absolute;\" data-key=\"rs-21\" data-title=\"Slide\" data-in=\"o:0;\" data-out=\"a:false;\">\n\t\t\t\t\t\t\t<img loading=\"lazy\" decoding=\"async\" src=\"\/\/ipsispub.com.br\/morel\/wp-content\/plugins\/revslider\/public\/assets\/assets\/dummy.png\" title=\"2598-1\" width=\"1266\" height=\"1080\" class=\"rev-slidebg tp-rs-img rs-lazyload\" data-lazyload=\"\/\/ipsispub.com.br\/morel\/wp-content\/uploads\/2024\/04\/2598-1.jpg\" data-no-retina>\n<!--\n\t\t\t\t\t\t\t--><rs-layer\n\t\t\t\t\t\t\t\tid=\"slider-9-slide-21-layer-0\" \n\t\t\t\t\t\t\t\tdata-type=\"image\"\n\t\t\t\t\t\t\t\tdata-rsp_ch=\"on\"\n\t\t\t\t\t\t\t\tdata-xy=\"xo:296px,99px,-82px,-104px;yo:-49px,-87px,-227px,-14px;\"\n\t\t\t\t\t\t\t\tdata-text=\"w:normal;s:20,16,12,7;l:0,20,15,9;\"\n\t\t\t\t\t\t\t\tdata-dim=\"w:1042px,999px,953px,734px;h:918px,880px,840px,647px;\"\n\t\t\t\t\t\t\t\tdata-ford=\"frame_0;frame_1;frame_2;frame_999;\"\n\t\t\t\t\t\t\t\tdata-frame_999=\"x:50,41,31,19;o:0;st:w;sp:1000;\"\n\t\t\t\t\t\t\t\tdata-frame_2=\"oX:50%;oY:50%;oZ:0;tp:600;st:400;sp:400;\"\n\t\t\t\t\t\t\t\tstyle=\"z-index:8;\"\n\t\t\t\t\t\t\t><img loading=\"lazy\" decoding=\"async\" src=\"\/\/ipsispub.com.br\/morel\/wp-content\/plugins\/revslider\/public\/assets\/assets\/dummy.png\" class=\"tp-rs-img rs-lazyload\" width=\"1144\" height=\"1008\" data-lazyload=\"\/\/ipsispub.com.br\/morel\/wp-content\/uploads\/2026\/03\/Slide-Home-Morel.png\" data-no-retina> \n\t\t\t\t\t\t\t<\/rs-layer><!--\n\n\t\t\t\t\t\t\t--><rs-layer\n\t\t\t\t\t\t\t\tid=\"slider-9-slide-21-layer-1\" \n\t\t\t\t\t\t\t\tclass=\"rev-btn\"\n\t\t\t\t\t\t\t\tdata-type=\"button\"\n\t\t\t\t\t\t\t\tdata-color=\"#000000\"\n\t\t\t\t\t\t\t\tdata-rsp_ch=\"on\"\n\t\t\t\t\t\t\t\tdata-xy=\"x:l,l,l,c;xo:47px,38px,92px,10px;y:m;yo:0,0,294px,310px;\"\n\t\t\t\t\t\t\t\tdata-text=\"w:normal;s:20,16,18,18;l:55,45,50,53;fw:500;a:center;\"\n\t\t\t\t\t\t\t\tdata-dim=\"minh:0px,none,none,none;\"\n\t\t\t\t\t\t\t\tdata-actions='o:click;a:scrollbelow;offset:200px;sp:1000ms;e:power1.inOut;'\n\t\t\t\t\t\t\t\tdata-padding=\"r:50,41,46,48;l:50,41,46,48;\"\n\t\t\t\t\t\t\t\tdata-border=\"bor:3px,3px,3px,3px;\"\n\t\t\t\t\t\t\t\tdata-frame_0=\"x:0,0,0px,0px;y:0,0,0px,0px;\"\n\t\t\t\t\t\t\t\tdata-frame_1=\"x:0,0,0px,0px;y:0,0,0px,0px;\"\n\t\t\t\t\t\t\t\tdata-frame_999=\"o:0;st:w;\"\n\t\t\t\t\t\t\t\tdata-frame_hover=\"c:#000;bgc:#fff;bor:3px,3px,3px,3px;sp:100;e:power1.inOut;bri:120%;\"\n\t\t\t\t\t\t\t\tstyle=\"z-index:10;background-color:#ffcc00;font-family:'Roboto';\"\n\t\t\t\t\t\t\t>ASSINE AGORA <i class=\"material-icons\">keyboard_arrow_down<\/i> \n\t\t\t\t\t\t\t<\/rs-layer><!--\n-->\t\t\t\t\t\t<\/rs-slide>\n\t\t\t\t\t<\/rs-slides>\n\t\t\t\t<\/rs-module>\n\t\t\t\t<script type=\"text\/javascript\">\n\t\t\t\t\tsetREVStartSize({c: 'rev_slider_9_1',rl:[1240,1024,778,480],el:[900,768,960,720],gw:[1240,1024,778,480],gh:[900,768,960,720],type:'hero',justify:'',layout:'fullwidth',mh:\"0\"});if (window.RS_MODULES!==undefined && window.RS_MODULES.modules!==undefined && window.RS_MODULES.modules[\"revslider91\"]!==undefined) {window.RS_MODULES.modules[\"revslider91\"].once = false;window.revapi9 = undefined;if (window.RS_MODULES.checkMinimal!==undefined) window.RS_MODULES.checkMinimal()}\n\t\t\t\t<\/script>\n\t\t\t<\/rs-module-wrap>\n\t\t\t<!-- END REVOLUTION SLIDER -->\n[\/vc_column_inner][\/vc_row_inner][\/vc_column][\/vc_row][vc_row][vc_column][vc_row_inner][vc_column_inner][vc_empty_space height=&#8221;45px&#8221;][vc_column_text css=&#8221;&#8221;]<\/p>\n<h2 style=\"text-align: center;\">Olha o que te espera na d\u00e9cima nona edi\u00e7\u00e3o da <strong><em>Morel\u00a0<\/em><\/strong><\/h2>\n<p>[\/vc_column_text][\/vc_column_inner][\/vc_row_inner][vc_row_inner equal_height=&#8221;yes&#8221; gap=&#8221;20&#8243;][vc_column_inner width=&#8221;1\/2&#8243;][vc_empty_space height=&#8221;45px&#8221;][vc_column_text css=&#8221;&#8221;]<strong><em>Capa 1<\/em><\/strong><\/p>\n<p data-prosemirror-content-type=\"node\" data-prosemirror-node-name=\"paragraph\" data-prosemirror-node-block=\"true\" data-pm-slice=\"1 1 []\">A queda para o alto de Elian Alves Cruz.<\/p>\n<p>[\/vc_column_text][vc_empty_space height=&#8221;45px&#8221;][\/vc_column_inner][vc_column_inner width=&#8221;1\/2&#8243;][vc_empty_space height=&#8221;45px&#8221;][vc_column_text css=&#8221;&#8221;]<strong><i>Capa 2<\/i><\/strong><\/p>\n<p data-prosemirror-content-type=\"node\" data-prosemirror-node-name=\"paragraph\" data-prosemirror-node-block=\"true\" data-pm-slice=\"1 1 []\">A dialetica do salto de Matheus Abu.<\/p>\n<p>[\/vc_column_text][vc_empty_space height=&#8221;45px&#8221;][\/vc_column_inner][\/vc_row_inner][vc_empty_space height=&#8221;45px&#8221;][vc_tta_accordion color=&#8221;green&#8221; c_align=&#8221;center&#8221; active_section=&#8221;99998&#8243; collapsible_all=&#8221;true&#8221;][vc_tta_section i_position=&#8221;right&#8221; i_icon_fontawesome=&#8221;fas fa-chevron-down&#8221; add_icon=&#8221;true&#8221; title=&#8221;VEJA O SUM\u00c1RIO COMPLETO&#8221; tab_id=&#8221;1687554103308-fe42a1c6-eeac&#8221;][vc_column_text css=&#8221;&#8221;]<strong><i>Queda<\/i> \u00e9 o conceito que norteia a edi\u00e7\u00e3o de outono de 2026.<\/strong><\/p>\n<p><strong><i>Entrevista\u00a0<\/i><\/strong><\/p>\n<p>Em conversa densa e ao mesmo tempo descontra\u00edda com o editor Ronaldo Bressane, a escritora e roteirista Eliana Alves Cruz destrincha o rec\u00e9m-lan\u00e7ado romance <i>Meridiana<\/i>, em que narra as tens\u00f5es raciais por tr\u00e1s da mobilidade social brasileira. Retratos de Marta Azevedo.<\/p>\n<p><strong><i>Artes Visuais<\/i><\/strong><\/p>\n<p>A curadora e cr\u00edtica de arte Paula Alzugaray escreve um perfil intimista de Matheus Abu, jovem talento que pinta anjos e p\u00e1ssaros influenciado pelas cosmologias afro-atl\u00e2nticas.<\/p>\n<p><strong><i>Retrato Falado<\/i><\/strong><\/p>\n<p>A partir de um ensaio com imagens cl\u00e1ssicas de Chico Science, clicado por Fred Jord\u00e3o, figuras not\u00f3rias do manguebit, como DJ Dolores, China e L\u00edrio Ferreira \u2013 al\u00e9m da filha de Science, a cantora Louise \u2013, imaginam o que o mangueboy faria se estivesse vivo, aos 60 anos.<\/p>\n<p><strong><i>Reportagem\u00a0<\/i><\/strong><\/p>\n<p>Aproveitando a sorte que lhe \u00e9 peculiar,\u00a0 o fot\u00f3grafo e ensa\u00edsta J.R.Duran pegou uma janela de oportunidade no espa\u00e7o a\u00e9reo ainda aberto do Oriente M\u00e9dio para desvendar o misterioso o\u00e1sis de Al-Ula, que abriga um dos espa\u00e7os art\u00edsticos mais exclusivos do planeta.<\/p>\n<p><strong><i>Quadrinhos\u00a0<\/i><\/strong><\/p>\n<p>HQs e cartuns nov\u00edssimos de Robert Crumb &amp; Aline Kaminsky-Crumb, Laerte, Arnaldo Branco, Allan Sieber, Cris Vector, Eduardo Arruda, Ricardo Coimbra, Paulo Ci\u00eancia, Manu Cunhas e Pedro Vin\u00edcio.<\/p>\n<p><strong><i>Pensata visual<\/i><\/strong><\/p>\n<p>A fot\u00f3grafa Luiza Sigulem investiga cenas cl\u00e1ssicas do cinema em que mulheres caem.<\/p>\n<p><strong><i>Prosa in\u00e9dita<\/i><\/strong><\/p>\n<p>Um trecho da primeira biografia de Jo\u00e3o Guimar\u00e3es Rosa, escrita pelo premiado jornalista Leonencio Nossa, al\u00e9m de fic\u00e7\u00f5es de Thiago Camelo e Alexandre Arbex.<\/p>\n<p><strong><i>Poesia in\u00e9dita<\/i><\/strong><\/p>\n<p>Versos da emergente Lia Petrelli, da lenda viva Glauco Mattoso e da l\u00edrica er\u00f3tica de Flora Lahuerta.<\/p>\n<p><strong><i>Fic\u00e7\u00e3o \/ N\u00e3o-fic\u00e7\u00e3o<\/i><\/strong><\/p>\n<p>Em di\u00e1logo com comovente conto de Bernardo Brayner, o fot\u00f3grafo Victor Moriyama flagra um esporte radical praticado na periferia de Olinda: o surf no bus\u00e3o.<\/p>\n<p><strong><i>Ensaio fotogr\u00e1fico\u00a0<\/i><\/strong><\/p>\n<p>Especialista em editoriais de moda, a fot\u00f3grafa Alessandra Levtchenko brinca com maquiagem e desmaquiagem em ensaio que conversa com a poesia de Flora Lahuerta.<\/p>\n<p><strong><i>Se eu fosse&#8230;<\/i><\/strong><\/p>\n<p>Criador do movimento portu\u00f1ol selbaje, Douglas Diegues psicografa a mente do superastro latino Bad Bunny, retratado por Eduardo Kerges.[\/vc_column_text][\/vc_tta_section][\/vc_tta_accordion][vc_empty_space height=&#8221;55px&#8221;][vc_column_text]<\/p>\n<hr \/>\n<h4 class=\"product_title entry-title\" style=\"text-align: center;\"><span style=\"color: #808080;\">ASSINATURA ANUAL\u00a0<\/span><\/h4>\n<h5 class=\"product_title entry-title\" style=\"text-align: center;\"><span style=\"color: #808080;\">4 edi\u00e7\u00f5es bimestrais<\/span><\/h5>\n<h2 style=\"text-align: center;\"><del>R$ 320,00<\/del> (-19%) por <span style=\"color: #ff0000;\">R$ 260,00\u00a0<\/span><\/h2>\n<hr \/>\n<p>[\/vc_column_text][vc_empty_space height=&#8221;35px&#8221;][vc_btn title=&#8221;<strong>ASSINE AGORA<\/strong>&#8221; style=&#8221;flat&#8221; color=&#8221;warning&#8221; size=&#8221;lg&#8221; align=&#8221;center&#8221; i_icon_fontawesome=&#8221;fas fa-chevron-right&#8221; css_animation=&#8221;fadeIn&#8221; add_icon=&#8221;true&#8221; link=&#8221;url:https%3A%2F%2Fipsispub.com.br%2Fmorel%2Fobras%2Frevista-morel-assinatura-anual-2022-23-a-partir-edicao-5%2F|title:Revista%20MOREL.%20(Assinatura%20anual%202022%2F23%20%E2%80%93%20a%20partir%20edi%C3%A7%C3%A3o%20%235)&#8221;][vc_empty_space height=&#8221;35px&#8221;][vc_row_inner][vc_column_inner][\/vc_column_inner][\/vc_row_inner][\/vc_column][\/vc_row][vc_row disable_element=&#8221;yes&#8221; css=&#8221;.vc_custom_1688175951394{background-color: #e0e0e0 !important;}&#8221;][vc_column][vc_empty_space height=&#8221;65px&#8221;][vc_column_text]<\/p>\n<h3 style=\"text-align: center;\"><strong>CONHE\u00c7A E COMPRE AS REVISTAS AVULSAS\u00a0<\/strong><\/h3>\n<p>[\/vc_column_text][vc_empty_space height=&#8221;35px&#8221;][vc_row_inner][vc_column_inner]<div class=\"woocommerce columns-4 \"><\/div>[\/vc_column_inner][\/vc_row_inner][\/vc_column][\/vc_row][vc_row][vc_column][vc_empty_space height=&#8221;52px&#8221;][\/vc_column][\/vc_row]<\/p>\n<\/div>","protected":false},"excerpt":{"rendered":"<p>[vc_row][vc_column][vc_row_inner][vc_column_inner][\/vc_column_inner][\/vc_row_inner][\/vc_column][\/vc_row][vc_row][vc_column][vc_row_inner][vc_column_inner][vc_empty_space height=&#8221;45px&#8221;][vc_column_text css=&#8221;&#8221;] Olha o que te espera na d\u00e9cima nona edi\u00e7\u00e3o da Morel\u00a0 [\/vc_column_text][\/vc_column_inner][\/vc_row_inner][vc_row_inner equal_height=&#8221;yes&#8221; gap=&#8221;20&#8243;][vc_column_inner width=&#8221;1\/2&#8243;][vc_empty_space height=&#8221;45px&#8221;][vc_column_text css=&#8221;&#8221;]Capa 1 A queda para o alto de Elian Alves Cruz. [\/vc_column_text][vc_empty_space height=&#8221;45px&#8221;][\/vc_column_inner][vc_column_inner width=&#8221;1\/2&#8243;][vc_empty_space height=&#8221;45px&#8221;][vc_column_text css=&#8221;&#8221;]Capa 2 A dialetica do salto de Matheus Abu. [\/vc_column_text][vc_empty_space height=&#8221;45px&#8221;][\/vc_column_inner][\/vc_row_inner][vc_empty_space height=&#8221;45px&#8221;][vc_tta_accordion color=&#8221;green&#8221; c_align=&#8221;center&#8221; active_section=&#8221;99998&#8243; collapsible_all=&#8221;true&#8221;][vc_tta_section i_position=&#8221;right&#8221; i_icon_fontawesome=&#8221;fas fa-chevron-down&#8221; add_icon=&#8221;true&#8221; title=&#8221;VEJA&hellip;<\/p>\n","protected":false},"author":1,"featured_media":0,"parent":0,"menu_order":0,"comment_status":"closed","ping_status":"closed","template":"template-full-width.php","meta":{"footnotes":""},"class_list":["post-4088","page","type-page","status-publish","hentry"],"yoast_head":"<!-- This site is optimized with the Yoast SEO plugin v22.7 - https:\/\/yoast.com\/wordpress\/plugins\/seo\/ -->\n<title>Pessoas e Universos Atemporais - Morel.<\/title>\n<meta name=\"description\" content=\"Morel \u00e9 uma revista focada em literatura, fotografia, artes visuais e jornalismo.Capas Zahy Felipe e Petrella. Editor Ronaldo Bressane.\" \/>\n<meta name=\"robots\" content=\"index, follow, max-snippet:-1, max-image-preview:large, max-video-preview:-1\" \/>\n<link rel=\"canonical\" href=\"https:\/\/ipsispub.com.br\/morel\/\" \/>\n<meta property=\"og:locale\" content=\"pt_BR\" \/>\n<meta property=\"og:type\" content=\"article\" \/>\n<meta property=\"og:title\" content=\"Pessoas e Universos Atemporais - Morel.\" \/>\n<meta property=\"og:description\" content=\"Morel \u00e9 uma revista focada em literatura, fotografia, artes visuais e jornalismo.Capas Zahy Felipe e Petrella. Editor Ronaldo Bressane.\" \/>\n<meta property=\"og:url\" content=\"https:\/\/ipsispub.com.br\/morel\/\" \/>\n<meta property=\"og:site_name\" content=\"Morel.\" \/>\n<meta property=\"article:publisher\" content=\"https:\/\/www.facebook.com\/ipsispub\" \/>\n<meta property=\"article:modified_time\" content=\"2026-03-25T18:41:00+00:00\" \/>\n<meta name=\"twitter:card\" content=\"summary_large_image\" \/>\n<meta name=\"twitter:label1\" content=\"Est. tempo de leitura\" \/>\n\t<meta name=\"twitter:data1\" content=\"3 minutos\" \/>\n<script type=\"application\/ld+json\" class=\"yoast-schema-graph\">{\"@context\":\"https:\/\/schema.org\",\"@graph\":[{\"@type\":\"WebPage\",\"@id\":\"https:\/\/ipsispub.com.br\/morel\/\",\"url\":\"https:\/\/ipsispub.com.br\/morel\/\",\"name\":\"Pessoas e Universos Atemporais - Morel.\",\"isPartOf\":{\"@id\":\"https:\/\/ipsispub.com.br\/morel\/#website\"},\"datePublished\":\"2022-01-28T18:25:06+00:00\",\"dateModified\":\"2026-03-25T18:41:00+00:00\",\"description\":\"Morel \u00e9 uma revista focada em literatura, fotografia, artes visuais e jornalismo.Capas Zahy Felipe e Petrella. Editor Ronaldo Bressane.\",\"breadcrumb\":{\"@id\":\"https:\/\/ipsispub.com.br\/morel\/#breadcrumb\"},\"inLanguage\":\"pt-BR\",\"potentialAction\":[{\"@type\":\"ReadAction\",\"target\":[\"https:\/\/ipsispub.com.br\/morel\/\"]}]},{\"@type\":\"BreadcrumbList\",\"@id\":\"https:\/\/ipsispub.com.br\/morel\/#breadcrumb\",\"itemListElement\":[{\"@type\":\"ListItem\",\"position\":1,\"name\":\"In\u00edcio\",\"item\":\"https:\/\/ipsispub.com.br\/morel\/\"},{\"@type\":\"ListItem\",\"position\":2,\"name\":\"Pessoas e Universos Atemporais\"}]},{\"@type\":\"WebSite\",\"@id\":\"https:\/\/ipsispub.com.br\/morel\/#website\",\"url\":\"https:\/\/ipsispub.com.br\/morel\/\",\"name\":\"Morel.\",\"description\":\"Pessoas e Universos Atemporais\",\"publisher\":{\"@id\":\"https:\/\/ipsispub.com.br\/morel\/#organization\"},\"potentialAction\":[{\"@type\":\"SearchAction\",\"target\":{\"@type\":\"EntryPoint\",\"urlTemplate\":\"https:\/\/ipsispub.com.br\/morel\/?s={search_term_string}\"},\"query-input\":\"required name=search_term_string\"}],\"inLanguage\":\"pt-BR\"},{\"@type\":\"Organization\",\"@id\":\"https:\/\/ipsispub.com.br\/morel\/#organization\",\"name\":\"IpsisPUB\",\"url\":\"https:\/\/ipsispub.com.br\/morel\/\",\"logo\":{\"@type\":\"ImageObject\",\"inLanguage\":\"pt-BR\",\"@id\":\"https:\/\/ipsispub.com.br\/morel\/#\/schema\/logo\/image\/\",\"url\":\"https:\/\/i0.wp.com\/ipsispub.com.br\/wp-content\/uploads\/2021\/12\/logoIpsisPub_02.png?fit=100%2C75&ssl=1\",\"contentUrl\":\"https:\/\/i0.wp.com\/ipsispub.com.br\/wp-content\/uploads\/2021\/12\/logoIpsisPub_02.png?fit=100%2C75&ssl=1\",\"width\":100,\"height\":75,\"caption\":\"IpsisPUB\"},\"image\":{\"@id\":\"https:\/\/ipsispub.com.br\/morel\/#\/schema\/logo\/image\/\"},\"sameAs\":[\"https:\/\/www.facebook.com\/ipsispub\",\"https:\/\/www.instagram.com\/ipsispub\"]}]}<\/script>\n<!-- \/ Yoast SEO plugin. -->","yoast_head_json":{"title":"Pessoas e Universos Atemporais - Morel.","description":"Morel \u00e9 uma revista focada em literatura, fotografia, artes visuais e jornalismo.Capas Zahy Felipe e Petrella. Editor Ronaldo Bressane.","robots":{"index":"index","follow":"follow","max-snippet":"max-snippet:-1","max-image-preview":"max-image-preview:large","max-video-preview":"max-video-preview:-1"},"canonical":"https:\/\/ipsispub.com.br\/morel\/","og_locale":"pt_BR","og_type":"article","og_title":"Pessoas e Universos Atemporais - Morel.","og_description":"Morel \u00e9 uma revista focada em literatura, fotografia, artes visuais e jornalismo.Capas Zahy Felipe e Petrella. Editor Ronaldo Bressane.","og_url":"https:\/\/ipsispub.com.br\/morel\/","og_site_name":"Morel.","article_publisher":"https:\/\/www.facebook.com\/ipsispub","article_modified_time":"2026-03-25T18:41:00+00:00","twitter_card":"summary_large_image","twitter_misc":{"Est. tempo de leitura":"3 minutos"},"schema":{"@context":"https:\/\/schema.org","@graph":[{"@type":"WebPage","@id":"https:\/\/ipsispub.com.br\/morel\/","url":"https:\/\/ipsispub.com.br\/morel\/","name":"Pessoas e Universos Atemporais - Morel.","isPartOf":{"@id":"https:\/\/ipsispub.com.br\/morel\/#website"},"datePublished":"2022-01-28T18:25:06+00:00","dateModified":"2026-03-25T18:41:00+00:00","description":"Morel \u00e9 uma revista focada em literatura, fotografia, artes visuais e jornalismo.Capas Zahy Felipe e Petrella. Editor Ronaldo Bressane.","breadcrumb":{"@id":"https:\/\/ipsispub.com.br\/morel\/#breadcrumb"},"inLanguage":"pt-BR","potentialAction":[{"@type":"ReadAction","target":["https:\/\/ipsispub.com.br\/morel\/"]}]},{"@type":"BreadcrumbList","@id":"https:\/\/ipsispub.com.br\/morel\/#breadcrumb","itemListElement":[{"@type":"ListItem","position":1,"name":"In\u00edcio","item":"https:\/\/ipsispub.com.br\/morel\/"},{"@type":"ListItem","position":2,"name":"Pessoas e Universos Atemporais"}]},{"@type":"WebSite","@id":"https:\/\/ipsispub.com.br\/morel\/#website","url":"https:\/\/ipsispub.com.br\/morel\/","name":"Morel.","description":"Pessoas e Universos Atemporais","publisher":{"@id":"https:\/\/ipsispub.com.br\/morel\/#organization"},"potentialAction":[{"@type":"SearchAction","target":{"@type":"EntryPoint","urlTemplate":"https:\/\/ipsispub.com.br\/morel\/?s={search_term_string}"},"query-input":"required name=search_term_string"}],"inLanguage":"pt-BR"},{"@type":"Organization","@id":"https:\/\/ipsispub.com.br\/morel\/#organization","name":"IpsisPUB","url":"https:\/\/ipsispub.com.br\/morel\/","logo":{"@type":"ImageObject","inLanguage":"pt-BR","@id":"https:\/\/ipsispub.com.br\/morel\/#\/schema\/logo\/image\/","url":"https:\/\/i0.wp.com\/ipsispub.com.br\/wp-content\/uploads\/2021\/12\/logoIpsisPub_02.png?fit=100%2C75&ssl=1","contentUrl":"https:\/\/i0.wp.com\/ipsispub.com.br\/wp-content\/uploads\/2021\/12\/logoIpsisPub_02.png?fit=100%2C75&ssl=1","width":100,"height":75,"caption":"IpsisPUB"},"image":{"@id":"https:\/\/ipsispub.com.br\/morel\/#\/schema\/logo\/image\/"},"sameAs":["https:\/\/www.facebook.com\/ipsispub","https:\/\/www.instagram.com\/ipsispub"]}]}},"_links":{"self":[{"href":"https:\/\/ipsispub.com.br\/morel\/wp-json\/wp\/v2\/pages\/4088","targetHints":{"allow":["GET"]}}],"collection":[{"href":"https:\/\/ipsispub.com.br\/morel\/wp-json\/wp\/v2\/pages"}],"about":[{"href":"https:\/\/ipsispub.com.br\/morel\/wp-json\/wp\/v2\/types\/page"}],"author":[{"embeddable":true,"href":"https:\/\/ipsispub.com.br\/morel\/wp-json\/wp\/v2\/users\/1"}],"replies":[{"embeddable":true,"href":"https:\/\/ipsispub.com.br\/morel\/wp-json\/wp\/v2\/comments?post=4088"}],"version-history":[{"count":156,"href":"https:\/\/ipsispub.com.br\/morel\/wp-json\/wp\/v2\/pages\/4088\/revisions"}],"predecessor-version":[{"id":5012,"href":"https:\/\/ipsispub.com.br\/morel\/wp-json\/wp\/v2\/pages\/4088\/revisions\/5012"}],"wp:attachment":[{"href":"https:\/\/ipsispub.com.br\/morel\/wp-json\/wp\/v2\/media?parent=4088"}],"curies":[{"name":"wp","href":"https:\/\/api.w.org\/{rel}","templated":true}]}}