{"id":4269,"date":"2022-02-21T22:40:14","date_gmt":"2022-02-22T01:40:14","guid":{"rendered":"https:\/\/ipsispub.com.br\/morel\/?page_id=4269"},"modified":"2024-04-10T17:33:53","modified_gmt":"2024-04-10T20:33:53","slug":"expediente","status":"publish","type":"page","link":"https:\/\/ipsispub.com.br\/morel\/expediente\/","title":{"rendered":"Expediente"},"content":{"rendered":"<div class=\"wpb-content-wrapper\"><p>[vc_row css=&#8221;.vc_custom_1643403624218{background-color: #d9dadc !important;}&#8221;][vc_column][vc_empty_space height=&#8221;50px&#8221;][vc_row_inner][vc_column_inner width=&#8221;2\/3&#8243;][vc_column_text]<\/p>\n<h3>EXPEDIENTE<\/h3>\n<p>[\/vc_column_text][vc_column_text]<strong>Publisher:<\/strong> Fernando Ullmann<\/p>\n<p><strong>Edi\u00e7\u00e3o:<\/strong> Ronaldo Bressane<\/p>\n<p><strong>Design:<\/strong> Eduardo Kerges<\/p>\n<p><strong>Dire\u00e7\u00e3o Comercial:<\/strong> Artur Ullmann<\/p>\n<p><strong>Produ\u00e7\u00e3o Gr\u00e1fica:<\/strong> Eduardo Monezi<\/p>\n<p><strong>Marketing e Distribui\u00e7\u00e3o:<\/strong> Elaine Valeriano<\/p>\n<p><strong>Revis\u00e3o:<\/strong> Jo\u00e3o H\u00e9lio de Moraes<\/p>\n<p><strong>Jornalista Respons\u00e1vel:<\/strong> Ronaldo Bressane (MTb 51.275\/SP)<\/p>\n<p><strong>Impress\u00e3o e acabamento:\u00a0<\/strong> Ipsis<\/p>\n<p>&nbsp;<\/p>\n<p><strong>Agradecimentos<\/strong><\/p>\n<p>Ag\u00eancia Riff | Companhia das Letras | Eva Uviedo | Editora Mal\u00ea | Emilio Fraia | Fabr\u00edcio Corsaletti | Giovana Madalosso | Gui Christ | Kenya de Oxum | Marcelino Freire | Agradecimentos especiais J.R. Duran pela inspira\u00e7\u00e3o, nome e sobrenome de Morel.<\/p>\n<p><strong>Morel<\/strong> \u00e9 uma publica\u00e7\u00e3o do selo IpsisPUB para Ipsis Gr\u00e1fica e Editora S\/A. Tiragem on demand, impressa pelo processo digital Indigo 10.000, sobre pap\u00e9is Masterblank 270g e Munken Lynx Rough 120g, usando as tipologias Tiempos Fine, Helvetina Now e Adobe Garamond Pro. Todos os direitos reservados. Artigos e entrevistas publicados s\u00e3o de responsabilidade dos autores, n\u00e3o necessariamente refletindo a opini\u00e3o da editora.<\/p>\n<p>\u00c9 proibida a reprodu\u00e7\u00e3o total ou parcial do conte\u00fado da revista sem a autoriza\u00e7\u00e3o da editora.<\/p>\n<p><strong>Fones:<\/strong> 55 11 2172-0511 \/ 2272-0511<\/p>\n<p><strong>E-mail:<\/strong> revistamorel@ipsis.com.br<\/p>\n<p>Instagram: <a href=\"https:\/\/www.instagram.com\/morel.revista\/\" target=\"_blank\" rel=\"noopener\">@morel revista<\/a><\/p>\n<p>Site: <a href=\"https:\/\/ipsispub.com.br\/obras\/revistamorel\" target=\"_blank\" rel=\"noopener\">ipsispub.com.br\/obras\/revistamorel<\/a>.<\/p>\n<p>Assine nossa newsletter para receber not\u00edcias de Morel.[\/vc_column_text][\/vc_column_inner][vc_column_inner width=&#8221;1\/3&#8243; css=&#8221;.vc_custom_1643404885616{padding-right: 10% !important;padding-left: 10% !important;}&#8221;][vc_empty_space height=&#8221;72px&#8221;][vc_btn title=&#8221;ASSINAR A REVISTA&#8221; style=&#8221;flat&#8221; color=&#8221;warning&#8221; align=&#8221;left&#8221; i_align=&#8221;right&#8221; i_icon_fontawesome=&#8221;fas fa-chevron-right&#8221; button_block=&#8221;true&#8221; add_icon=&#8221;true&#8221; link=&#8221;url:https%3A%2F%2Fipsispub.com.br%2Fmorel%2Fobras%2Frevistamorel%2F&#8221;][vc_btn title=&#8221;ADQUIRIR POR EDI\u00c7\u00c3O&#8221; style=&#8221;flat&#8221; align=&#8221;left&#8221; i_align=&#8221;right&#8221; i_icon_fontawesome=&#8221;fas fa-chevron-right&#8221; button_block=&#8221;true&#8221; add_icon=&#8221;true&#8221; link=&#8221;url:https%3A%2F%2Fipsispub.com.br%2Fobras%2Frevistamorel%2F|target:_blank&#8221;][vc_btn title=&#8221;VOLTAR PARA A IPSISPUB&#8221; style=&#8221;flat&#8221; align=&#8221;left&#8221; i_align=&#8221;right&#8221; i_icon_fontawesome=&#8221;fas fa-chevron-right&#8221; button_block=&#8221;true&#8221; add_icon=&#8221;true&#8221; link=&#8221;url:https%3A%2F%2Fipsispub.com.br%2F&#8221;][\/vc_column_inner][\/vc_row_inner][vc_empty_space height=&#8221;100px&#8221;][\/vc_column][\/vc_row]<\/p>\n<\/div>","protected":false},"excerpt":{"rendered":"<p>[vc_row css=&#8221;.vc_custom_1643403624218{background-color: #d9dadc !important;}&#8221;][vc_column][vc_empty_space height=&#8221;50px&#8221;][vc_row_inner][vc_column_inner width=&#8221;2\/3&#8243;][vc_column_text] EXPEDIENTE [\/vc_column_text][vc_column_text]Publisher: Fernando Ullmann Edi\u00e7\u00e3o: Ronaldo Bressane Design: Eduardo Kerges Dire\u00e7\u00e3o Comercial: Artur Ullmann Produ\u00e7\u00e3o Gr\u00e1fica: Eduardo Monezi Marketing e Distribui\u00e7\u00e3o: Elaine Valeriano Revis\u00e3o: Jo\u00e3o H\u00e9lio de Moraes Jornalista Respons\u00e1vel: Ronaldo Bressane (MTb 51.275\/SP) Impress\u00e3o e acabamento:\u00a0 Ipsis &nbsp; Agradecimentos Ag\u00eancia Riff | Companhia das Letras | Eva Uviedo&hellip;<\/p>\n","protected":false},"author":1,"featured_media":0,"parent":0,"menu_order":0,"comment_status":"closed","ping_status":"closed","template":"template-full-width.php","meta":{"footnotes":""},"class_list":["post-4269","page","type-page","status-publish","hentry"],"yoast_head":"<!-- This site is optimized with the Yoast SEO plugin v22.7 - https:\/\/yoast.com\/wordpress\/plugins\/seo\/ -->\n<title>Expediente - Morel.<\/title>\n<meta name=\"robots\" content=\"index, follow, max-snippet:-1, max-image-preview:large, max-video-preview:-1\" \/>\n<link rel=\"canonical\" href=\"https:\/\/ipsispub.com.br\/morel\/expediente\/\" \/>\n<meta property=\"og:locale\" content=\"pt_BR\" \/>\n<meta property=\"og:type\" content=\"article\" \/>\n<meta property=\"og:title\" content=\"Expediente - Morel.\" \/>\n<meta property=\"og:description\" content=\"[vc_row css=&#8221;.vc_custom_1643403624218{background-color: #d9dadc !important;}&#8221;][vc_column][vc_empty_space height=&#8221;50px&#8221;][vc_row_inner][vc_column_inner width=&#8221;2\/3&#8243;][vc_column_text] EXPEDIENTE [\/vc_column_text][vc_column_text]Publisher: Fernando Ullmann Edi\u00e7\u00e3o: Ronaldo Bressane Design: Eduardo Kerges Dire\u00e7\u00e3o Comercial: Artur Ullmann Produ\u00e7\u00e3o Gr\u00e1fica: Eduardo Monezi Marketing e Distribui\u00e7\u00e3o: Elaine Valeriano Revis\u00e3o: Jo\u00e3o H\u00e9lio de Moraes Jornalista Respons\u00e1vel: Ronaldo Bressane (MTb 51.275\/SP) Impress\u00e3o e acabamento:\u00a0 Ipsis &nbsp; Agradecimentos Ag\u00eancia Riff | Companhia das Letras | Eva Uviedo&hellip;\" \/>\n<meta property=\"og:url\" content=\"https:\/\/ipsispub.com.br\/morel\/expediente\/\" \/>\n<meta property=\"og:site_name\" content=\"Morel.\" \/>\n<meta property=\"article:publisher\" content=\"https:\/\/www.facebook.com\/ipsispub\" \/>\n<meta property=\"article:modified_time\" content=\"2024-04-10T20:33:53+00:00\" \/>\n<meta name=\"twitter:card\" content=\"summary_large_image\" \/>\n<meta name=\"twitter:label1\" content=\"Est. tempo de leitura\" \/>\n\t<meta name=\"twitter:data1\" content=\"2 minutos\" \/>\n<script type=\"application\/ld+json\" class=\"yoast-schema-graph\">{\"@context\":\"https:\/\/schema.org\",\"@graph\":[{\"@type\":\"WebPage\",\"@id\":\"https:\/\/ipsispub.com.br\/morel\/expediente\/\",\"url\":\"https:\/\/ipsispub.com.br\/morel\/expediente\/\",\"name\":\"Expediente - Morel.\",\"isPartOf\":{\"@id\":\"https:\/\/ipsispub.com.br\/morel\/#website\"},\"datePublished\":\"2022-02-22T01:40:14+00:00\",\"dateModified\":\"2024-04-10T20:33:53+00:00\",\"breadcrumb\":{\"@id\":\"https:\/\/ipsispub.com.br\/morel\/expediente\/#breadcrumb\"},\"inLanguage\":\"pt-BR\",\"potentialAction\":[{\"@type\":\"ReadAction\",\"target\":[\"https:\/\/ipsispub.com.br\/morel\/expediente\/\"]}]},{\"@type\":\"BreadcrumbList\",\"@id\":\"https:\/\/ipsispub.com.br\/morel\/expediente\/#breadcrumb\",\"itemListElement\":[{\"@type\":\"ListItem\",\"position\":1,\"name\":\"In\u00edcio\",\"item\":\"https:\/\/ipsispub.com.br\/morel\/\"},{\"@type\":\"ListItem\",\"position\":2,\"name\":\"Expediente\"}]},{\"@type\":\"WebSite\",\"@id\":\"https:\/\/ipsispub.com.br\/morel\/#website\",\"url\":\"https:\/\/ipsispub.com.br\/morel\/\",\"name\":\"Morel.\",\"description\":\"Pessoas e Universos Atemporais\",\"publisher\":{\"@id\":\"https:\/\/ipsispub.com.br\/morel\/#organization\"},\"potentialAction\":[{\"@type\":\"SearchAction\",\"target\":{\"@type\":\"EntryPoint\",\"urlTemplate\":\"https:\/\/ipsispub.com.br\/morel\/?s={search_term_string}\"},\"query-input\":\"required name=search_term_string\"}],\"inLanguage\":\"pt-BR\"},{\"@type\":\"Organization\",\"@id\":\"https:\/\/ipsispub.com.br\/morel\/#organization\",\"name\":\"IpsisPUB\",\"url\":\"https:\/\/ipsispub.com.br\/morel\/\",\"logo\":{\"@type\":\"ImageObject\",\"inLanguage\":\"pt-BR\",\"@id\":\"https:\/\/ipsispub.com.br\/morel\/#\/schema\/logo\/image\/\",\"url\":\"https:\/\/i0.wp.com\/ipsispub.com.br\/wp-content\/uploads\/2021\/12\/logoIpsisPub_02.png?fit=100%2C75&ssl=1\",\"contentUrl\":\"https:\/\/i0.wp.com\/ipsispub.com.br\/wp-content\/uploads\/2021\/12\/logoIpsisPub_02.png?fit=100%2C75&ssl=1\",\"width\":100,\"height\":75,\"caption\":\"IpsisPUB\"},\"image\":{\"@id\":\"https:\/\/ipsispub.com.br\/morel\/#\/schema\/logo\/image\/\"},\"sameAs\":[\"https:\/\/www.facebook.com\/ipsispub\",\"https:\/\/www.instagram.com\/ipsispub\"]}]}<\/script>\n<!-- \/ Yoast SEO plugin. -->","yoast_head_json":{"title":"Expediente - Morel.","robots":{"index":"index","follow":"follow","max-snippet":"max-snippet:-1","max-image-preview":"max-image-preview:large","max-video-preview":"max-video-preview:-1"},"canonical":"https:\/\/ipsispub.com.br\/morel\/expediente\/","og_locale":"pt_BR","og_type":"article","og_title":"Expediente - Morel.","og_description":"[vc_row css=&#8221;.vc_custom_1643403624218{background-color: #d9dadc !important;}&#8221;][vc_column][vc_empty_space height=&#8221;50px&#8221;][vc_row_inner][vc_column_inner width=&#8221;2\/3&#8243;][vc_column_text] EXPEDIENTE [\/vc_column_text][vc_column_text]Publisher: Fernando Ullmann Edi\u00e7\u00e3o: Ronaldo Bressane Design: Eduardo Kerges Dire\u00e7\u00e3o Comercial: Artur Ullmann Produ\u00e7\u00e3o Gr\u00e1fica: Eduardo Monezi Marketing e Distribui\u00e7\u00e3o: Elaine Valeriano Revis\u00e3o: Jo\u00e3o H\u00e9lio de Moraes Jornalista Respons\u00e1vel: Ronaldo Bressane (MTb 51.275\/SP) Impress\u00e3o e acabamento:\u00a0 Ipsis &nbsp; Agradecimentos Ag\u00eancia Riff | Companhia das Letras | Eva Uviedo&hellip;","og_url":"https:\/\/ipsispub.com.br\/morel\/expediente\/","og_site_name":"Morel.","article_publisher":"https:\/\/www.facebook.com\/ipsispub","article_modified_time":"2024-04-10T20:33:53+00:00","twitter_card":"summary_large_image","twitter_misc":{"Est. tempo de leitura":"2 minutos"},"schema":{"@context":"https:\/\/schema.org","@graph":[{"@type":"WebPage","@id":"https:\/\/ipsispub.com.br\/morel\/expediente\/","url":"https:\/\/ipsispub.com.br\/morel\/expediente\/","name":"Expediente - Morel.","isPartOf":{"@id":"https:\/\/ipsispub.com.br\/morel\/#website"},"datePublished":"2022-02-22T01:40:14+00:00","dateModified":"2024-04-10T20:33:53+00:00","breadcrumb":{"@id":"https:\/\/ipsispub.com.br\/morel\/expediente\/#breadcrumb"},"inLanguage":"pt-BR","potentialAction":[{"@type":"ReadAction","target":["https:\/\/ipsispub.com.br\/morel\/expediente\/"]}]},{"@type":"BreadcrumbList","@id":"https:\/\/ipsispub.com.br\/morel\/expediente\/#breadcrumb","itemListElement":[{"@type":"ListItem","position":1,"name":"In\u00edcio","item":"https:\/\/ipsispub.com.br\/morel\/"},{"@type":"ListItem","position":2,"name":"Expediente"}]},{"@type":"WebSite","@id":"https:\/\/ipsispub.com.br\/morel\/#website","url":"https:\/\/ipsispub.com.br\/morel\/","name":"Morel.","description":"Pessoas e Universos Atemporais","publisher":{"@id":"https:\/\/ipsispub.com.br\/morel\/#organization"},"potentialAction":[{"@type":"SearchAction","target":{"@type":"EntryPoint","urlTemplate":"https:\/\/ipsispub.com.br\/morel\/?s={search_term_string}"},"query-input":"required name=search_term_string"}],"inLanguage":"pt-BR"},{"@type":"Organization","@id":"https:\/\/ipsispub.com.br\/morel\/#organization","name":"IpsisPUB","url":"https:\/\/ipsispub.com.br\/morel\/","logo":{"@type":"ImageObject","inLanguage":"pt-BR","@id":"https:\/\/ipsispub.com.br\/morel\/#\/schema\/logo\/image\/","url":"https:\/\/i0.wp.com\/ipsispub.com.br\/wp-content\/uploads\/2021\/12\/logoIpsisPub_02.png?fit=100%2C75&ssl=1","contentUrl":"https:\/\/i0.wp.com\/ipsispub.com.br\/wp-content\/uploads\/2021\/12\/logoIpsisPub_02.png?fit=100%2C75&ssl=1","width":100,"height":75,"caption":"IpsisPUB"},"image":{"@id":"https:\/\/ipsispub.com.br\/morel\/#\/schema\/logo\/image\/"},"sameAs":["https:\/\/www.facebook.com\/ipsispub","https:\/\/www.instagram.com\/ipsispub"]}]}},"_links":{"self":[{"href":"https:\/\/ipsispub.com.br\/morel\/wp-json\/wp\/v2\/pages\/4269","targetHints":{"allow":["GET"]}}],"collection":[{"href":"https:\/\/ipsispub.com.br\/morel\/wp-json\/wp\/v2\/pages"}],"about":[{"href":"https:\/\/ipsispub.com.br\/morel\/wp-json\/wp\/v2\/types\/page"}],"author":[{"embeddable":true,"href":"https:\/\/ipsispub.com.br\/morel\/wp-json\/wp\/v2\/users\/1"}],"replies":[{"embeddable":true,"href":"https:\/\/ipsispub.com.br\/morel\/wp-json\/wp\/v2\/comments?post=4269"}],"version-history":[{"count":9,"href":"https:\/\/ipsispub.com.br\/morel\/wp-json\/wp\/v2\/pages\/4269\/revisions"}],"predecessor-version":[{"id":4891,"href":"https:\/\/ipsispub.com.br\/morel\/wp-json\/wp\/v2\/pages\/4269\/revisions\/4891"}],"wp:attachment":[{"href":"https:\/\/ipsispub.com.br\/morel\/wp-json\/wp\/v2\/media?parent=4269"}],"curies":[{"name":"wp","href":"https:\/\/api.w.org\/{rel}","templated":true}]}}